{"id":1430,"date":"2023-11-18T11:15:39","date_gmt":"2023-11-18T11:15:39","guid":{"rendered":"https:\/\/7179476085520.hostingkunde.de\/products\/compliance-recorder\/"},"modified":"2026-04-27T08:24:06","modified_gmt":"2026-04-27T08:24:06","slug":"etops-mifid-recorder","status":"publish","type":"product","link":"https:\/\/www.etops.com\/de\/products\/etops-mifid-recorder\/","title":{"rendered":"etops MiFID Recorder"},"featured_media":4405,"template":"","position":[46,40,65,45],"request":[43],"product-category":[59,49],"class_list":["post-1430","product","type-product","status-publish","has-post-thumbnail","hentry","product-category-analytics-and-reporting-de","product-category-advisory-de"],"acf":[],"yoast_head":"<!-- This site is optimized with the Yoast SEO plugin v27.4 - https:\/\/yoast.com\/product\/yoast-seo-wordpress\/ -->\n<title>MiFID II Gespr\u00e4chsaufzeichnung f\u00fcr Anlageberater | Etops<\/title>\n<meta name=\"description\" content=\"MiFID II-konforme Gespr\u00e4chsaufzeichnung f\u00fcr Anlageberater. Kundengespr\u00e4che automatisch transkribieren, archivieren und regulatorisch absichern.\" \/>\n<meta name=\"robots\" content=\"index, follow, max-snippet:-1, max-image-preview:large, max-video-preview:-1\" \/>\n<link rel=\"canonical\" href=\"https:\/\/www.etops.com\/de\/products\/etops-mifid-recorder\/\" \/>\n<meta property=\"og:locale\" content=\"de_DE\" \/>\n<meta property=\"og:type\" content=\"article\" \/>\n<meta property=\"og:title\" content=\"MiFID II Gespr\u00e4chsaufzeichnung f\u00fcr Anlageberater | Etops\" \/>\n<meta property=\"og:description\" content=\"MiFID II-konforme Gespr\u00e4chsaufzeichnung f\u00fcr Anlageberater. Kundengespr\u00e4che automatisch transkribieren, archivieren und regulatorisch absichern.\" \/>\n<meta property=\"og:url\" content=\"https:\/\/www.etops.com\/de\/products\/etops-mifid-recorder\/\" \/>\n<meta property=\"og:site_name\" content=\"Etops\" \/>\n<meta property=\"article:modified_time\" content=\"2026-04-27T08:24:06+00:00\" \/>\n<meta property=\"og:image\" content=\"https:\/\/www.etops.com\/wp-content\/uploads\/2023\/11\/mifid-recorder-android-chrome-256x256-1.png\" \/>\n\t<meta property=\"og:image:width\" content=\"256\" \/>\n\t<meta property=\"og:image:height\" content=\"256\" \/>\n\t<meta property=\"og:image:type\" content=\"image\/png\" \/>\n<meta name=\"twitter:card\" content=\"summary_large_image\" \/>\n<meta name=\"twitter:label1\" content=\"Gesch\u00e4tzte Lesezeit\" \/>\n\t<meta name=\"twitter:data1\" content=\"1\u00a0Minute\" \/>\n<!-- \/ Yoast SEO plugin. -->","yoast_head_json":{"title":"MiFID II Gespr\u00e4chsaufzeichnung f\u00fcr Anlageberater | Etops","description":"MiFID II-konforme Gespr\u00e4chsaufzeichnung f\u00fcr Anlageberater. Kundengespr\u00e4che automatisch transkribieren, archivieren und regulatorisch absichern.","robots":{"index":"index","follow":"follow","max-snippet":"max-snippet:-1","max-image-preview":"max-image-preview:large","max-video-preview":"max-video-preview:-1"},"canonical":"https:\/\/www.etops.com\/de\/products\/etops-mifid-recorder\/","og_locale":"de_DE","og_type":"article","og_title":"MiFID II Gespr\u00e4chsaufzeichnung f\u00fcr Anlageberater | Etops","og_description":"MiFID II-konforme Gespr\u00e4chsaufzeichnung f\u00fcr Anlageberater. Kundengespr\u00e4che automatisch transkribieren, archivieren und regulatorisch absichern.","og_url":"https:\/\/www.etops.com\/de\/products\/etops-mifid-recorder\/","og_site_name":"Etops","article_modified_time":"2026-04-27T08:24:06+00:00","og_image":[{"width":256,"height":256,"url":"https:\/\/www.etops.com\/wp-content\/uploads\/2023\/11\/mifid-recorder-android-chrome-256x256-1.png","type":"image\/png"}],"twitter_card":"summary_large_image","twitter_misc":{"Gesch\u00e4tzte Lesezeit":"1\u00a0Minute"},"schema":{"@context":"https:\/\/schema.org","@graph":[{"@type":"WebPage","@id":"https:\/\/www.etops.com\/de\/products\/etops-mifid-recorder\/","url":"https:\/\/www.etops.com\/de\/products\/etops-mifid-recorder\/","name":"MiFID II Gespr\u00e4chsaufzeichnung f\u00fcr Anlageberater | Etops","isPartOf":{"@id":"https:\/\/www.etops.com\/de\/#website"},"primaryImageOfPage":{"@id":"https:\/\/www.etops.com\/de\/products\/etops-mifid-recorder\/#primaryimage"},"image":{"@id":"https:\/\/www.etops.com\/de\/products\/etops-mifid-recorder\/#primaryimage"},"thumbnailUrl":"https:\/\/www.etops.com\/wp-content\/uploads\/2023\/11\/mifid-recorder-android-chrome-256x256-1.png","datePublished":"2023-11-18T11:15:39+00:00","dateModified":"2026-04-27T08:24:06+00:00","description":"MiFID II-konforme Gespr\u00e4chsaufzeichnung f\u00fcr Anlageberater. Kundengespr\u00e4che automatisch transkribieren, archivieren und regulatorisch absichern.","breadcrumb":{"@id":"https:\/\/www.etops.com\/de\/products\/etops-mifid-recorder\/#breadcrumb"},"inLanguage":"de","potentialAction":[{"@type":"ReadAction","target":["https:\/\/www.etops.com\/de\/products\/etops-mifid-recorder\/"]}]},{"@type":"ImageObject","inLanguage":"de","@id":"https:\/\/www.etops.com\/de\/products\/etops-mifid-recorder\/#primaryimage","url":"https:\/\/www.etops.com\/wp-content\/uploads\/2023\/11\/mifid-recorder-android-chrome-256x256-1.png","contentUrl":"https:\/\/www.etops.com\/wp-content\/uploads\/2023\/11\/mifid-recorder-android-chrome-256x256-1.png","width":256,"height":256},{"@type":"BreadcrumbList","@id":"https:\/\/www.etops.com\/de\/products\/etops-mifid-recorder\/#breadcrumb","itemListElement":[{"@type":"ListItem","position":1,"name":"Home","item":"https:\/\/www.etops.com\/de\/"},{"@type":"ListItem","position":2,"name":"etops MiFID Recorder"}]},{"@type":"WebSite","@id":"https:\/\/www.etops.com\/de\/#website","url":"https:\/\/www.etops.com\/de\/","name":"Etops","description":"Software for Asset &amp; Wealth Management","publisher":{"@id":"https:\/\/www.etops.com\/de\/#organization"},"potentialAction":[{"@type":"SearchAction","target":{"@type":"EntryPoint","urlTemplate":"https:\/\/www.etops.com\/de\/?s={search_term_string}"},"query-input":{"@type":"PropertyValueSpecification","valueRequired":true,"valueName":"search_term_string"}}],"inLanguage":"de"},{"@type":"Organization","@id":"https:\/\/www.etops.com\/de\/#organization","name":"Etops Group AG","url":"https:\/\/www.etops.com\/de\/","logo":{"@type":"ImageObject","inLanguage":"de","@id":"https:\/\/www.etops.com\/de\/#\/schema\/logo\/image\/","url":"https:\/\/www.etops.com\/wp-content\/uploads\/2024\/10\/Inhalt.svg","contentUrl":"https:\/\/www.etops.com\/wp-content\/uploads\/2024\/10\/Inhalt.svg","width":182,"height":57,"caption":"Etops Group AG"},"image":{"@id":"https:\/\/www.etops.com\/de\/#\/schema\/logo\/image\/"},"sameAs":["https:\/\/www.linkedin.com\/company\/etops-ag"]}]}},"_links":{"self":[{"href":"https:\/\/www.etops.com\/de\/wp-json\/wp\/v2\/product\/1430","targetHints":{"allow":["GET"]}}],"collection":[{"href":"https:\/\/www.etops.com\/de\/wp-json\/wp\/v2\/product"}],"about":[{"href":"https:\/\/www.etops.com\/de\/wp-json\/wp\/v2\/types\/product"}],"version-history":[{"count":29,"href":"https:\/\/www.etops.com\/de\/wp-json\/wp\/v2\/product\/1430\/revisions"}],"predecessor-version":[{"id":5365,"href":"https:\/\/www.etops.com\/de\/wp-json\/wp\/v2\/product\/1430\/revisions\/5365"}],"wp:featuredmedia":[{"embeddable":true,"href":"https:\/\/www.etops.com\/de\/wp-json\/wp\/v2\/media\/4405"}],"wp:attachment":[{"href":"https:\/\/www.etops.com\/de\/wp-json\/wp\/v2\/media?parent=1430"}],"wp:term":[{"taxonomy":"position","embeddable":true,"href":"https:\/\/www.etops.com\/de\/wp-json\/wp\/v2\/position?post=1430"},{"taxonomy":"request","embeddable":true,"href":"https:\/\/www.etops.com\/de\/wp-json\/wp\/v2\/request?post=1430"},{"taxonomy":"product-category","embeddable":true,"href":"https:\/\/www.etops.com\/de\/wp-json\/wp\/v2\/product-category?post=1430"}],"curies":[{"name":"wp","href":"https:\/\/api.w.org\/{rel}","templated":true}]}}