{"id":2555,"date":"2025-01-27T10:14:21","date_gmt":"2025-01-27T10:14:21","guid":{"rendered":"https:\/\/7179476085520.hostingkunde.de\/?page_id=2555"},"modified":"2026-02-05T09:51:38","modified_gmt":"2026-02-05T09:51:38","slug":"banks","status":"publish","type":"page","link":"https:\/\/www.etops.com\/de\/banks\/","title":{"rendered":"User \u2013 Banks"},"content":{"rendered":"","protected":false},"excerpt":{"rendered":"","protected":false},"author":6,"featured_media":0,"parent":0,"menu_order":0,"comment_status":"closed","ping_status":"closed","template":"page-template.php","meta":{"_acf_changed":false,"footnotes":""},"class_list":["post-2555","page","type-page","status-publish","hentry"],"acf":[],"yoast_head":"<!-- This site is optimized with the Yoast SEO plugin v26.7 - https:\/\/yoast.com\/wordpress\/plugins\/seo\/ -->\n<title>Banken-WealthTech: Effiziente, digitale L\u00f6sungen<\/title>\n<meta name=\"description\" content=\"L\u00f6sungen f\u00fcr Banken: Moderne WealthTech optimiert Kundenerlebnis, Compliance, Effizienz &amp; Echtzeit-Portfoliozugriff f\u00fcr Privatbanken.\" \/>\n<meta name=\"robots\" content=\"index, follow, max-snippet:-1, max-image-preview:large, max-video-preview:-1\" \/>\n<link rel=\"canonical\" href=\"https:\/\/www.etops.com\/de\/banks\/\" \/>\n<meta property=\"og:locale\" content=\"de_DE\" \/>\n<meta property=\"og:type\" content=\"article\" \/>\n<meta property=\"og:title\" content=\"Banken-WealthTech: Effiziente, digitale L\u00f6sungen\" \/>\n<meta property=\"og:description\" content=\"L\u00f6sungen f\u00fcr Banken: Moderne WealthTech optimiert Kundenerlebnis, Compliance, Effizienz &amp; Echtzeit-Portfoliozugriff f\u00fcr Privatbanken.\" \/>\n<meta property=\"og:url\" content=\"https:\/\/www.etops.com\/de\/banks\/\" \/>\n<meta property=\"og:site_name\" content=\"Etops\" \/>\n<meta property=\"article:modified_time\" content=\"2026-02-05T09:51:38+00:00\" \/>\n<meta name=\"twitter:card\" content=\"summary_large_image\" \/>\n<!-- \/ Yoast SEO plugin. -->","yoast_head_json":{"title":"Banken-WealthTech: Effiziente, digitale L\u00f6sungen","description":"L\u00f6sungen f\u00fcr Banken: Moderne WealthTech optimiert Kundenerlebnis, Compliance, Effizienz & Echtzeit-Portfoliozugriff f\u00fcr Privatbanken.","robots":{"index":"index","follow":"follow","max-snippet":"max-snippet:-1","max-image-preview":"max-image-preview:large","max-video-preview":"max-video-preview:-1"},"canonical":"https:\/\/www.etops.com\/de\/banks\/","og_locale":"de_DE","og_type":"article","og_title":"Banken-WealthTech: Effiziente, digitale L\u00f6sungen","og_description":"L\u00f6sungen f\u00fcr Banken: Moderne WealthTech optimiert Kundenerlebnis, Compliance, Effizienz & Echtzeit-Portfoliozugriff f\u00fcr Privatbanken.","og_url":"https:\/\/www.etops.com\/de\/banks\/","og_site_name":"Etops","article_modified_time":"2026-02-05T09:51:38+00:00","twitter_card":"summary_large_image","schema":{"@context":"https:\/\/schema.org","@graph":[{"@type":"WebPage","@id":"https:\/\/www.etops.com\/de\/banks\/","url":"https:\/\/www.etops.com\/de\/banks\/","name":"Banken-WealthTech: Effiziente, digitale L\u00f6sungen","isPartOf":{"@id":"https:\/\/www.etops.com\/de\/#website"},"datePublished":"2025-01-27T10:14:21+00:00","dateModified":"2026-02-05T09:51:38+00:00","description":"L\u00f6sungen f\u00fcr Banken: Moderne WealthTech optimiert Kundenerlebnis, Compliance, Effizienz & Echtzeit-Portfoliozugriff f\u00fcr Privatbanken.","breadcrumb":{"@id":"https:\/\/www.etops.com\/de\/banks\/#breadcrumb"},"inLanguage":"de","potentialAction":[{"@type":"ReadAction","target":["https:\/\/www.etops.com\/de\/banks\/"]}]},{"@type":"BreadcrumbList","@id":"https:\/\/www.etops.com\/de\/banks\/#breadcrumb","itemListElement":[{"@type":"ListItem","position":1,"name":"Home","item":"https:\/\/www.etops.com\/de\/"},{"@type":"ListItem","position":2,"name":"User \u2013 Banks"}]},{"@type":"WebSite","@id":"https:\/\/www.etops.com\/de\/#website","url":"https:\/\/www.etops.com\/de\/","name":"Etops","description":"Software for Asset &amp; Wealth Management","publisher":{"@id":"https:\/\/www.etops.com\/de\/#organization"},"potentialAction":[{"@type":"SearchAction","target":{"@type":"EntryPoint","urlTemplate":"https:\/\/www.etops.com\/de\/?s={search_term_string}"},"query-input":{"@type":"PropertyValueSpecification","valueRequired":true,"valueName":"search_term_string"}}],"inLanguage":"de"},{"@type":"Organization","@id":"https:\/\/www.etops.com\/de\/#organization","name":"Etops Group AG","url":"https:\/\/www.etops.com\/de\/","logo":{"@type":"ImageObject","inLanguage":"de","@id":"https:\/\/www.etops.com\/de\/#\/schema\/logo\/image\/","url":"https:\/\/www.etops.com\/wp-content\/uploads\/2024\/10\/Inhalt.svg","contentUrl":"https:\/\/www.etops.com\/wp-content\/uploads\/2024\/10\/Inhalt.svg","width":182,"height":57,"caption":"Etops Group AG"},"image":{"@id":"https:\/\/www.etops.com\/de\/#\/schema\/logo\/image\/"},"sameAs":["https:\/\/www.linkedin.com\/company\/etops-ag"]}]}},"_links":{"self":[{"href":"https:\/\/www.etops.com\/de\/wp-json\/wp\/v2\/pages\/2555","targetHints":{"allow":["GET"]}}],"collection":[{"href":"https:\/\/www.etops.com\/de\/wp-json\/wp\/v2\/pages"}],"about":[{"href":"https:\/\/www.etops.com\/de\/wp-json\/wp\/v2\/types\/page"}],"author":[{"embeddable":true,"href":"https:\/\/www.etops.com\/de\/wp-json\/wp\/v2\/users\/6"}],"replies":[{"embeddable":true,"href":"https:\/\/www.etops.com\/de\/wp-json\/wp\/v2\/comments?post=2555"}],"version-history":[{"count":11,"href":"https:\/\/www.etops.com\/de\/wp-json\/wp\/v2\/pages\/2555\/revisions"}],"predecessor-version":[{"id":5326,"href":"https:\/\/www.etops.com\/de\/wp-json\/wp\/v2\/pages\/2555\/revisions\/5326"}],"wp:attachment":[{"href":"https:\/\/www.etops.com\/de\/wp-json\/wp\/v2\/media?parent=2555"}],"curies":[{"name":"wp","href":"https:\/\/api.w.org\/{rel}","templated":true}]}}