{"id":1370,"date":"2024-11-26T09:23:24","date_gmt":"2024-11-26T09:23:24","guid":{"rendered":"https:\/\/7179476085520.hostingkunde.de\/?page_id=1370"},"modified":"2025-10-31T11:25:17","modified_gmt":"2025-10-31T11:25:17","slug":"compliance-recorder-telefongespraeche-aufzeichnen-aufnehmen","status":"publish","type":"page","link":"https:\/\/www.etops.com\/de\/compliance-recorder-telefongespraeche-aufzeichnen-aufnehmen\/","title":{"rendered":"MiFID Recorder Telefongespr\u00e4che aufzeichnen \/ aufnehmen"},"content":{"rendered":"","protected":false},"excerpt":{"rendered":"","protected":false},"author":6,"featured_media":0,"parent":0,"menu_order":0,"comment_status":"closed","ping_status":"closed","template":"page-template.php","meta":{"_acf_changed":false,"footnotes":""},"class_list":["post-1370","page","type-page","status-publish","hentry"],"acf":[],"yoast_head":"<!-- This site is optimized with the Yoast SEO plugin v27.4 - https:\/\/yoast.com\/product\/yoast-seo-wordpress\/ -->\n<title>Sicher Telefongespr\u00e4che aufzeichnen | MiFID Recorder<\/title>\n<meta name=\"description\" content=\"Sie suchen eine gem\u00e4\u00df der Finanzmarktrichtlinie MiFID II zertifizierten Taping L\u00f6sung, um Ihre Telefongespr\u00e4che aufzuzeichnen? Wir helfen Ihnen dabei!\" \/>\n<meta name=\"robots\" content=\"index, follow, max-snippet:-1, max-image-preview:large, max-video-preview:-1\" \/>\n<link rel=\"canonical\" href=\"https:\/\/www.mifid-recorder.com\/telefongespraech-aufzeichnen\/\" \/>\n<meta property=\"og:locale\" content=\"de_DE\" \/>\n<meta property=\"og:type\" content=\"article\" \/>\n<meta property=\"og:title\" content=\"Sicher Telefongespr\u00e4che aufzeichnen | MiFID Recorder\" \/>\n<meta property=\"og:description\" content=\"Sie suchen eine gem\u00e4\u00df der Finanzmarktrichtlinie MiFID II zertifizierten Taping L\u00f6sung, um Ihre Telefongespr\u00e4che aufzuzeichnen? Wir helfen Ihnen dabei!\" \/>\n<meta property=\"og:url\" content=\"https:\/\/www.mifid-recorder.com\/telefongespraech-aufzeichnen\/\" \/>\n<meta property=\"og:site_name\" content=\"Etops\" \/>\n<meta property=\"article:modified_time\" content=\"2025-10-31T11:25:17+00:00\" \/>\n<meta name=\"twitter:card\" content=\"summary_large_image\" \/>\n<!-- \/ Yoast SEO plugin. -->","yoast_head_json":{"title":"Sicher Telefongespr\u00e4che aufzeichnen | MiFID Recorder","description":"Sie suchen eine gem\u00e4\u00df der Finanzmarktrichtlinie MiFID II zertifizierten Taping L\u00f6sung, um Ihre Telefongespr\u00e4che aufzuzeichnen? Wir helfen Ihnen dabei!","robots":{"index":"index","follow":"follow","max-snippet":"max-snippet:-1","max-image-preview":"max-image-preview:large","max-video-preview":"max-video-preview:-1"},"canonical":"https:\/\/www.mifid-recorder.com\/telefongespraech-aufzeichnen\/","og_locale":"de_DE","og_type":"article","og_title":"Sicher Telefongespr\u00e4che aufzeichnen | MiFID Recorder","og_description":"Sie suchen eine gem\u00e4\u00df der Finanzmarktrichtlinie MiFID II zertifizierten Taping L\u00f6sung, um Ihre Telefongespr\u00e4che aufzuzeichnen? Wir helfen Ihnen dabei!","og_url":"https:\/\/www.mifid-recorder.com\/telefongespraech-aufzeichnen\/","og_site_name":"Etops","article_modified_time":"2025-10-31T11:25:17+00:00","twitter_card":"summary_large_image","schema":{"@context":"https:\/\/schema.org","@graph":[{"@type":"WebPage","@id":"https:\/\/www.etops.com\/de\/compliance-recorder-telefongespraeche-aufzeichnen-aufnehmen\/","url":"https:\/\/www.mifid-recorder.com\/telefongespraech-aufzeichnen\/","name":"Sicher Telefongespr\u00e4che aufzeichnen | MiFID Recorder","isPartOf":{"@id":"https:\/\/www.etops.com\/de\/#website"},"datePublished":"2024-11-26T09:23:24+00:00","dateModified":"2025-10-31T11:25:17+00:00","description":"Sie suchen eine gem\u00e4\u00df der Finanzmarktrichtlinie MiFID II zertifizierten Taping L\u00f6sung, um Ihre Telefongespr\u00e4che aufzuzeichnen? Wir helfen Ihnen dabei!","breadcrumb":{"@id":"https:\/\/www.mifid-recorder.com\/telefongespraech-aufzeichnen\/#breadcrumb"},"inLanguage":"de","potentialAction":[{"@type":"ReadAction","target":["https:\/\/www.mifid-recorder.com\/telefongespraech-aufzeichnen\/"]}]},{"@type":"BreadcrumbList","@id":"https:\/\/www.mifid-recorder.com\/telefongespraech-aufzeichnen\/#breadcrumb","itemListElement":[{"@type":"ListItem","position":1,"name":"Home","item":"https:\/\/www.etops.com\/de\/"},{"@type":"ListItem","position":2,"name":"MiFID Recorder Telefongespr\u00e4che aufzeichnen \/ aufnehmen"}]},{"@type":"WebSite","@id":"https:\/\/www.etops.com\/de\/#website","url":"https:\/\/www.etops.com\/de\/","name":"Etops","description":"Software for Asset &amp; Wealth Management","publisher":{"@id":"https:\/\/www.etops.com\/de\/#organization"},"potentialAction":[{"@type":"SearchAction","target":{"@type":"EntryPoint","urlTemplate":"https:\/\/www.etops.com\/de\/?s={search_term_string}"},"query-input":{"@type":"PropertyValueSpecification","valueRequired":true,"valueName":"search_term_string"}}],"inLanguage":"de"},{"@type":"Organization","@id":"https:\/\/www.etops.com\/de\/#organization","name":"Etops Group AG","url":"https:\/\/www.etops.com\/de\/","logo":{"@type":"ImageObject","inLanguage":"de","@id":"https:\/\/www.etops.com\/de\/#\/schema\/logo\/image\/","url":"https:\/\/www.etops.com\/wp-content\/uploads\/2024\/10\/Inhalt.svg","contentUrl":"https:\/\/www.etops.com\/wp-content\/uploads\/2024\/10\/Inhalt.svg","width":182,"height":57,"caption":"Etops Group AG"},"image":{"@id":"https:\/\/www.etops.com\/de\/#\/schema\/logo\/image\/"},"sameAs":["https:\/\/www.linkedin.com\/company\/etops-ag"]}]}},"_links":{"self":[{"href":"https:\/\/www.etops.com\/de\/wp-json\/wp\/v2\/pages\/1370","targetHints":{"allow":["GET"]}}],"collection":[{"href":"https:\/\/www.etops.com\/de\/wp-json\/wp\/v2\/pages"}],"about":[{"href":"https:\/\/www.etops.com\/de\/wp-json\/wp\/v2\/types\/page"}],"author":[{"embeddable":true,"href":"https:\/\/www.etops.com\/de\/wp-json\/wp\/v2\/users\/6"}],"replies":[{"embeddable":true,"href":"https:\/\/www.etops.com\/de\/wp-json\/wp\/v2\/comments?post=1370"}],"version-history":[{"count":7,"href":"https:\/\/www.etops.com\/de\/wp-json\/wp\/v2\/pages\/1370\/revisions"}],"predecessor-version":[{"id":4825,"href":"https:\/\/www.etops.com\/de\/wp-json\/wp\/v2\/pages\/1370\/revisions\/4825"}],"wp:attachment":[{"href":"https:\/\/www.etops.com\/de\/wp-json\/wp\/v2\/media?parent=1370"}],"curies":[{"name":"wp","href":"https:\/\/api.w.org\/{rel}","templated":true}]}}