{"id":1164,"date":"2024-11-18T11:18:28","date_gmt":"2024-11-18T11:18:28","guid":{"rendered":"https:\/\/7179476085520.hostingkunde.de\/product-overview-ordering-and-execution\/"},"modified":"2025-10-31T11:29:09","modified_gmt":"2025-10-31T11:29:09","slug":"ordering-and-execution","status":"publish","type":"page","link":"https:\/\/www.etops.com\/de\/ordering-and-execution\/","title":{"rendered":"Product Overview \u2013 Ordering &#038; Execution"},"content":{"rendered":"","protected":false},"excerpt":{"rendered":"","protected":false},"author":1,"featured_media":0,"parent":0,"menu_order":0,"comment_status":"closed","ping_status":"closed","template":"page-template.php","meta":{"_acf_changed":false,"footnotes":""},"class_list":["post-1164","page","type-page","status-publish","hentry"],"acf":[],"yoast_head":"<!-- This site is optimized with the Yoast SEO plugin v26.7 - https:\/\/yoast.com\/wordpress\/plugins\/seo\/ -->\n<title>Optimierte Handelsausf\u00fchrung &amp; Order Routing<\/title>\n<meta name=\"description\" content=\"Optimierte Handelsausf\u00fchrung: etops Order Manager &amp; FIXhub sichern schnelle, effiziente Order-Ausf\u00fchrung und zuverl\u00e4ssiges Routing\" \/>\n<meta name=\"robots\" content=\"index, follow, max-snippet:-1, max-image-preview:large, max-video-preview:-1\" \/>\n<link rel=\"canonical\" href=\"https:\/\/www.etops.com\/de\/ordering-and-execution\/\" \/>\n<meta property=\"og:locale\" content=\"de_DE\" \/>\n<meta property=\"og:type\" content=\"article\" \/>\n<meta property=\"og:title\" content=\"Optimierte Handelsausf\u00fchrung &amp; Order Routing\" \/>\n<meta property=\"og:description\" content=\"Optimierte Handelsausf\u00fchrung: etops Order Manager &amp; FIXhub sichern schnelle, effiziente Order-Ausf\u00fchrung und zuverl\u00e4ssiges Routing\" \/>\n<meta property=\"og:url\" content=\"https:\/\/www.etops.com\/de\/ordering-and-execution\/\" \/>\n<meta property=\"og:site_name\" content=\"Etops\" \/>\n<meta property=\"article:modified_time\" content=\"2025-10-31T11:29:09+00:00\" \/>\n<meta name=\"twitter:card\" content=\"summary_large_image\" \/>\n<!-- \/ Yoast SEO plugin. -->","yoast_head_json":{"title":"Optimierte Handelsausf\u00fchrung & Order Routing","description":"Optimierte Handelsausf\u00fchrung: etops Order Manager & FIXhub sichern schnelle, effiziente Order-Ausf\u00fchrung und zuverl\u00e4ssiges Routing","robots":{"index":"index","follow":"follow","max-snippet":"max-snippet:-1","max-image-preview":"max-image-preview:large","max-video-preview":"max-video-preview:-1"},"canonical":"https:\/\/www.etops.com\/de\/ordering-and-execution\/","og_locale":"de_DE","og_type":"article","og_title":"Optimierte Handelsausf\u00fchrung & Order Routing","og_description":"Optimierte Handelsausf\u00fchrung: etops Order Manager & FIXhub sichern schnelle, effiziente Order-Ausf\u00fchrung und zuverl\u00e4ssiges Routing","og_url":"https:\/\/www.etops.com\/de\/ordering-and-execution\/","og_site_name":"Etops","article_modified_time":"2025-10-31T11:29:09+00:00","twitter_card":"summary_large_image","schema":{"@context":"https:\/\/schema.org","@graph":[{"@type":"WebPage","@id":"https:\/\/www.etops.com\/de\/ordering-and-execution\/","url":"https:\/\/www.etops.com\/de\/ordering-and-execution\/","name":"Optimierte Handelsausf\u00fchrung & Order Routing","isPartOf":{"@id":"https:\/\/www.etops.com\/de\/#website"},"datePublished":"2024-11-18T11:18:28+00:00","dateModified":"2025-10-31T11:29:09+00:00","description":"Optimierte Handelsausf\u00fchrung: etops Order Manager & FIXhub sichern schnelle, effiziente Order-Ausf\u00fchrung und zuverl\u00e4ssiges Routing","breadcrumb":{"@id":"https:\/\/www.etops.com\/de\/ordering-and-execution\/#breadcrumb"},"inLanguage":"de","potentialAction":[{"@type":"ReadAction","target":["https:\/\/www.etops.com\/de\/ordering-and-execution\/"]}]},{"@type":"BreadcrumbList","@id":"https:\/\/www.etops.com\/de\/ordering-and-execution\/#breadcrumb","itemListElement":[{"@type":"ListItem","position":1,"name":"Home","item":"https:\/\/www.etops.com\/de\/"},{"@type":"ListItem","position":2,"name":"Product Overview \u2013 Ordering &#038; Execution"}]},{"@type":"WebSite","@id":"https:\/\/www.etops.com\/de\/#website","url":"https:\/\/www.etops.com\/de\/","name":"Etops","description":"Software for Asset &amp; Wealth Management","publisher":{"@id":"https:\/\/www.etops.com\/de\/#organization"},"potentialAction":[{"@type":"SearchAction","target":{"@type":"EntryPoint","urlTemplate":"https:\/\/www.etops.com\/de\/?s={search_term_string}"},"query-input":{"@type":"PropertyValueSpecification","valueRequired":true,"valueName":"search_term_string"}}],"inLanguage":"de"},{"@type":"Organization","@id":"https:\/\/www.etops.com\/de\/#organization","name":"Etops Group AG","url":"https:\/\/www.etops.com\/de\/","logo":{"@type":"ImageObject","inLanguage":"de","@id":"https:\/\/www.etops.com\/de\/#\/schema\/logo\/image\/","url":"https:\/\/www.etops.com\/wp-content\/uploads\/2024\/10\/Inhalt.svg","contentUrl":"https:\/\/www.etops.com\/wp-content\/uploads\/2024\/10\/Inhalt.svg","width":182,"height":57,"caption":"Etops Group AG"},"image":{"@id":"https:\/\/www.etops.com\/de\/#\/schema\/logo\/image\/"},"sameAs":["https:\/\/www.linkedin.com\/company\/etops-ag"]}]}},"_links":{"self":[{"href":"https:\/\/www.etops.com\/de\/wp-json\/wp\/v2\/pages\/1164","targetHints":{"allow":["GET"]}}],"collection":[{"href":"https:\/\/www.etops.com\/de\/wp-json\/wp\/v2\/pages"}],"about":[{"href":"https:\/\/www.etops.com\/de\/wp-json\/wp\/v2\/types\/page"}],"author":[{"embeddable":true,"href":"https:\/\/www.etops.com\/de\/wp-json\/wp\/v2\/users\/1"}],"replies":[{"embeddable":true,"href":"https:\/\/www.etops.com\/de\/wp-json\/wp\/v2\/comments?post=1164"}],"version-history":[{"count":16,"href":"https:\/\/www.etops.com\/de\/wp-json\/wp\/v2\/pages\/1164\/revisions"}],"predecessor-version":[{"id":4833,"href":"https:\/\/www.etops.com\/de\/wp-json\/wp\/v2\/pages\/1164\/revisions\/4833"}],"wp:attachment":[{"href":"https:\/\/www.etops.com\/de\/wp-json\/wp\/v2\/media?parent=1164"}],"curies":[{"name":"wp","href":"https:\/\/api.w.org\/{rel}","templated":true}]}}